{"id":48,"date":"2024-04-21T21:27:30","date_gmt":"2024-04-21T19:27:30","guid":{"rendered":"http:\/\/eee.beratextil.com\/?page_id=48"},"modified":"2025-11-23T17:59:25","modified_gmt":"2025-11-23T16:59:25","slug":"48-2","status":"publish","type":"page","link":"https:\/\/www.beratextil.com\/pol\/","title":{"rendered":"Home"},"content":{"rendered":"\n<div class=\"wp-block-group alignfull has-global-padding is-layout-constrained wp-container-core-group-is-layout-490fa1db wp-block-group-is-layout-constrained\" style=\"padding-top:var(--wp--preset--spacing--50);padding-right:var(--wp--preset--spacing--50);padding-bottom:var(--wp--preset--spacing--50);padding-left:var(--wp--preset--spacing--50)\">\n<h1 class=\"wp-block-heading has-text-align-center\">Witamy w\u00a0 BERA Textilrecycling GmbH<\/h1>\n\n\n\n<p class=\"has-text-align-center\">Tw\u00f3j partner w zakresie zr\u00f3wnowa\u017conej zbi\u00f3rki i sprzeda\u017cy odzie\u017cy u\u017cywanej. Dowiedz si\u0119 wi\u0119cej o naszych us\u0142ugach przyjaznych dla \u015brodowiska.<\/p>\n\n\n\n<div style=\"height:33px\" aria-hidden=\"true\" class=\"wp-block-spacer\"><\/div>\n\n\n\n<div class=\"wp-block-columns is-layout-flex wp-container-core-columns-is-layout-28f84493 wp-block-columns-is-layout-flex\">\n<div class=\"wp-block-column is-layout-flow wp-block-column-is-layout-flow\" style=\"flex-basis:70%\">\n<div class=\"wp-block-group has-global-padding is-content-justification-center is-layout-constrained wp-container-core-group-is-layout-1d0fba95 wp-block-group-is-layout-constrained\">\n<h2 class=\"wp-block-heading has-text-align-center\">Nasz wk\u0142ad w zr\u00f3wnowa\u017cony rozw\u00f3j<\/h2>\n\n\n\n<div style=\"height:34px\" aria-hidden=\"true\" class=\"wp-block-spacer\"><\/div>\n\n\n\n<p>Wed\u0142ug statystyk (<a href=\"https:\/\/www.bvse.de\/gut-informiert-textil-recycling\/studie-2020.html\" data-type=\"link\" data-id=\"https:\/\/www.bvse.de\/gut-informiert-textil-recycling\/studie-2020.html\">Link<\/a>) w Niemczech produkuje si\u0119 co roku 1,2 miliona ton odzie\u017cy u\u017cywanej, z czego du\u017ca cz\u0119\u015b\u0107 jest wysokiej jako\u015bci i nadal nadaje si\u0119 do noszenia. Aby unikn\u0105\u0107 sytuacji, w kt\u00f3rej ilo\u015bci te s\u0105 po prostu wyrzucane na lokalne sk\u0142adowiska, wa\u017cne jest, aby zapewni\u0107 zorientowany na zasoby i zr\u00f3wnowa\u017cony recykling tekstyli\u00f3w.<\/p>\n\n\n\n<div style=\"height:35px\" aria-hidden=\"true\" class=\"wp-block-spacer\"><\/div>\n\n\n\n<p>Firma <strong>BERA Textilrecycling GmbH<\/strong> realizuje t\u0119 misj\u0119 od 2007 roku.<\/p>\n\n\n\n<div style=\"height:40px\" aria-hidden=\"true\" class=\"wp-block-spacer\"><\/div>\n<\/div>\n<\/div>\n\n\n\n<div class=\"wp-block-column is-layout-flow wp-block-column-is-layout-flow\" style=\"flex-basis:30%\">\n<figure class=\"wp-block-image size-full is-style-rounded is-style-rounded--1\"><img loading=\"lazy\" decoding=\"async\" width=\"2283\" height=\"2283\" src=\"http:\/\/www.beratextil.com\/wp-content\/uploads\/2024\/04\/IMG_0959.jpg\" alt=\"Altkleider\" class=\"wp-image-24\" style=\"box-shadow:var(--wp--preset--shadow--natural);aspect-ratio:3\/4;object-fit:cover\"\/><\/figure>\n<\/div>\n<\/div>\n<\/div>\n\n\n\n<div class=\"wp-block-group alignfull has-global-padding is-layout-constrained wp-container-core-group-is-layout-490fa1db wp-block-group-is-layout-constrained\" style=\"padding-top:var(--wp--preset--spacing--50);padding-right:var(--wp--preset--spacing--50);padding-bottom:var(--wp--preset--spacing--50);padding-left:var(--wp--preset--spacing--50)\">\n<div class=\"wp-block-columns is-layout-flex wp-container-core-columns-is-layout-28f84493 wp-block-columns-is-layout-flex\">\n<div class=\"wp-block-column is-layout-flow wp-block-column-is-layout-flow\" style=\"flex-basis:70%\">\n<div class=\"wp-block-group has-global-padding is-content-justification-center is-layout-constrained wp-container-core-group-is-layout-1d0fba95 wp-block-group-is-layout-constrained\">\n<h2 class=\"wp-block-heading has-text-align-center\">Nasze us\u0142ugi<\/h2>\n\n\n\n<div style=\"height:34px\" aria-hidden=\"true\" class=\"wp-block-spacer\"><\/div>\n\n\n\n<p>Specyfika dzia\u0142alno\u015bci naszej firmy polega na hurtowej sprzeda\u017cy odzie\u017cy u\u017cywanej.<br>W zwi\u0105zku z tym, \u017ce nasza odzie\u017c u\u017cywana pochodzi ze zbi\u00f3rek spod dom\u00f3w, tzw. \u201edoor to door\u201d oraz z kontener\u00f3w w centrum Berlina, mo\u017cemy zagwarantowa\u0107 Pa\u0144stwu nieskazitelne pochodzenie naszego towaru.<br>Jeste\u015bmy przekonani o czysto\u015bci i wysokiej jako\u015bci oferowanej przez nas odzie\u017cy u\u017cywanej.<br>Odzie\u017c u\u017cywana bezpo\u015brednio po zbi\u00f3rkach sprzedawana jest dalej celem unikni\u0119cia d\u0142ugiego czasu magazynowania.<\/p>\n\n\n\n<p>Aktualnie oferujemy odzie\u017c u\u017cywan\u0105 niesortowan\u0105, tzw. orygina\u0142.<br>W\u015br\u00f3d niej znajduje si\u0119 oczywi\u015bcie odzie\u017c typu cream, odzie\u017c markowa oraz nowa oryginalnie zapakowana z metkami.<\/p>\n\n\n\n<p>Towar przechowywany jest w miejscu suchym i czystym; odpady oczywi\u015bcie usuwamy.<\/p>\n\n\n\n<p>Odzie\u017c u\u017cywana sprzedawana jest tak, jak zosta\u0142a zebrana \u2013 w torbach i workach o r\u00f3\u017cnej wielko\u015bci. Nie sprzedajemy sprasowanych beli.Do naszego asortymentu nale\u017c\u0105:<\/p>\n\n\n\n<ul class=\"wp-block-list\">\n<li>odzie\u017c u\u017cywana (niesortowana)<\/li>\n\n\n\n<li>obuwie u\u017cywane (niesortowane)<\/li>\n\n\n\n<li>torby (niesortowane)<\/li>\n\n\n\n<li>ko\u0142dry<\/li>\n\n\n\n<li>koce<\/li>\n<\/ul>\n\n\n\n<p>Je\u015bli nasza oferta wzbudzi\u0142a Pa\u0144stwa zainteresowanie, ch\u0119tnie wy\u015blemy Pa\u0144stwu ofert\u0119 dostosowan\u0105 do indywidualnych potrzeb. Prosimy o kontakt mailowy, telefoniczny, faksowy lub przez formularz kontaktowy umieszczony na naszej stronie internetowej. M\u00f3wimy po niemiecku, angielsku i francusku.<br>W celu poznania naszego towaru mo\u017cecie Pa\u0144stwo oczywi\u015bcie odwiedzi\u0107 nas w naszym magazynie. Prosimy o wcze\u015bniejsze ustalenie terminu spotkania.<br>Cieszyliby\u015bmy si\u0119 mog\u0105c wkr\u00f3tce powita\u0107 Pa\u0144stwa jako nowego partnera.<\/p>\n\n\n\n<div style=\"height:40px\" aria-hidden=\"true\" class=\"wp-block-spacer\"><\/div>\n<\/div>\n<\/div>\n\n\n\n<div class=\"wp-block-column is-layout-flow wp-block-column-is-layout-flow\" style=\"flex-basis:30%\">\n<figure class=\"wp-block-image size-large is-style-rounded is-style-rounded--2\"><img loading=\"lazy\" decoding=\"async\" width=\"885\" height=\"1024\" src=\"http:\/\/www.beratextil.com\/wp-content\/uploads\/2024\/04\/IMG_094-885x1024.jpg\" alt=\"Altkleider aus Container\" class=\"wp-image-89\" style=\"box-shadow:var(--wp--preset--shadow--natural);aspect-ratio:3\/4;object-fit:cover\" srcset=\"https:\/\/www.beratextil.com\/wp-content\/uploads\/2024\/04\/IMG_094-885x1024.jpg 885w, https:\/\/www.beratextil.com\/wp-content\/uploads\/2024\/04\/IMG_094-259x300.jpg 259w, https:\/\/www.beratextil.com\/wp-content\/uploads\/2024\/04\/IMG_094-768x889.jpg 768w, https:\/\/www.beratextil.com\/wp-content\/uploads\/2024\/04\/IMG_094-1328x1536.jpg 1328w, https:\/\/www.beratextil.com\/wp-content\/uploads\/2024\/04\/IMG_094-1770x2048.jpg 1770w\" sizes=\"auto, (max-width: 885px) 100vw, 885px\" \/><\/figure>\n<\/div>\n<\/div>\n<\/div>\n\n\n\n<div class=\"wp-block-group alignfull has-base-2-background-color has-background has-global-padding is-layout-constrained wp-container-core-group-is-layout-669513ed wp-block-group-is-layout-constrained\" style=\"margin-top:0;margin-bottom:0;padding-top:var(--wp--preset--spacing--50);padding-right:var(--wp--preset--spacing--50);padding-bottom:var(--wp--preset--spacing--50);padding-left:var(--wp--preset--spacing--50)\">\n<h2 class=\"wp-block-heading has-text-align-center is-style-default\">Kontakt<\/h2>\n\n\n\n<div style=\"height:1.25rem\" aria-hidden=\"true\" class=\"wp-block-spacer\"><\/div>\n\n\n\n<p>Je\u015bli masz jakiekolwiek pytania dotycz\u0105ce naszej pracy lub jeste\u015b zainteresowany wsp\u00f3\u0142prac\u0105 z nami, czekamy na kontakt z Tob\u0105. Prosimy o skorzystanie z nast\u0119puj\u0105cych danych kontaktowych:<\/p>\n<\/div>\n","protected":false},"excerpt":{"rendered":"<p>Witamy w\u00a0 BERA Textilrecycling GmbH Tw\u00f3j partner w zakresie zr\u00f3wnowa\u017conej zbi\u00f3rki i sprzeda\u017cy odzie\u017cy u\u017cywanej. Dowiedz si\u0119 wi\u0119cej o naszych us\u0142ugach przyjaznych dla \u015brodowiska. Nasz wk\u0142ad w zr\u00f3wnowa\u017cony rozw\u00f3j Wed\u0142ug statystyk (Link) w Niemczech produkuje si\u0119 co roku 1,2 miliona ton odzie\u017cy u\u017cywanej, z czego du\u017ca cz\u0119\u015b\u0107 jest wysokiej jako\u015bci i nadal nadaje si\u0119 do [&hellip;]<\/p>\n","protected":false},"author":1,"featured_media":0,"parent":0,"menu_order":1,"comment_status":"closed","ping_status":"closed","template":"seite-ohne-titel-2","meta":{"footnotes":""},"class_list":["post-48","page","type-page","status-publish","hentry"],"_links":{"self":[{"href":"https:\/\/www.beratextil.com\/pol\/wp-json\/wp\/v2\/pages\/48","targetHints":{"allow":["GET"]}}],"collection":[{"href":"https:\/\/www.beratextil.com\/pol\/wp-json\/wp\/v2\/pages"}],"about":[{"href":"https:\/\/www.beratextil.com\/pol\/wp-json\/wp\/v2\/types\/page"}],"author":[{"embeddable":true,"href":"https:\/\/www.beratextil.com\/pol\/wp-json\/wp\/v2\/users\/1"}],"replies":[{"embeddable":true,"href":"https:\/\/www.beratextil.com\/pol\/wp-json\/wp\/v2\/comments?post=48"}],"version-history":[{"count":41,"href":"https:\/\/www.beratextil.com\/pol\/wp-json\/wp\/v2\/pages\/48\/revisions"}],"predecessor-version":[{"id":214,"href":"https:\/\/www.beratextil.com\/pol\/wp-json\/wp\/v2\/pages\/48\/revisions\/214"}],"wp:attachment":[{"href":"https:\/\/www.beratextil.com\/pol\/wp-json\/wp\/v2\/media?parent=48"}],"curies":[{"name":"wp","href":"https:\/\/api.w.org\/{rel}","templated":true}]}}